{"id":3277,"date":"2024-04-26T08:09:28","date_gmt":"2024-04-26T08:09:28","guid":{"rendered":"https:\/\/aal-affiliate-disclosure-page"},"modified":"2024-05-05T02:31:17","modified_gmt":"2024-05-05T02:31:17","slug":"affiliate-disclosure","status":"publish","type":"page","link":"https:\/\/www.listofbooks.net\/es\/affiliate-disclosure\/","title":{"rendered":"Declaraci\u00f3n de afiliaci\u00f3n"},"content":{"rendered":"<p><strong>Divulgaci\u00f3n de la conexi\u00f3n material:\u00a0<\/strong>Algunos de los enlaces en los posts de este sitio son \"enlaces afiliados\". Somos asociados de Amazon, as\u00ed como miembros afiliados de\u00a0<em>FlexOfertas<\/em>,\u00a0<em>Comisi\u00f3n Junction<\/em>,\u00a0<em>ShareASale, ClickFunnels<\/em>\u00a0y otros.  Esto significa que si hace clic en el enlace y compra el art\u00edculo, recibiremos una comisi\u00f3n de afiliaci\u00f3n. En cualquier caso, s\u00f3lo recomendamos productos o servicios que utilizamos personalmente y creemos que aportar\u00e1n valor a nuestros lectores. Estamos revelando esto de acuerdo con la Comisi\u00f3n Federal de Comercio de 16 CFR, Parte 255: \"Gu\u00edas sobre el uso de endosos y testimonios en la publicidad\".<\/p>","protected":false},"excerpt":{"rendered":"<p>Disclosure of Material Connection:\u00a0Some of the links in the posts on this site are \u201caffiliate links.\u201d We are an Amazon Associate as well as affiliate members of\u00a0FlexOffers,\u00a0Commission Junction,\u00a0ShareASale, ClickFunnels\u00a0and others.\u00a0 This means if you click on the link and purchase the item, we will receive an affiliate commission. Regardless, we only recommend products or services [&hellip;]<\/p>\n","protected":false},"author":1,"featured_media":0,"parent":0,"menu_order":0,"comment_status":"closed","ping_status":"closed","template":"","meta":{"_seopress_robots_primary_cat":"","_seopress_titles_title":"","_seopress_titles_desc":"","_seopress_robots_index":"","episode_type":"","audio_file":"","podmotor_file_id":"","podmotor_episode_id":"","cover_image":"","cover_image_id":"","duration":"","filesize":"","filesize_raw":"","date_recorded":"","explicit":"","block":"","footnotes":""},"class_list":["post-3277","page","type-page","status-publish"],"blocksy_meta":[],"_links":{"self":[{"href":"https:\/\/www.listofbooks.net\/es\/wp-json\/wp\/v2\/pages\/3277","targetHints":{"allow":["GET"]}}],"collection":[{"href":"https:\/\/www.listofbooks.net\/es\/wp-json\/wp\/v2\/pages"}],"about":[{"href":"https:\/\/www.listofbooks.net\/es\/wp-json\/wp\/v2\/types\/page"}],"author":[{"embeddable":true,"href":"https:\/\/www.listofbooks.net\/es\/wp-json\/wp\/v2\/users\/1"}],"replies":[{"embeddable":true,"href":"https:\/\/www.listofbooks.net\/es\/wp-json\/wp\/v2\/comments?post=3277"}],"version-history":[{"count":1,"href":"https:\/\/www.listofbooks.net\/es\/wp-json\/wp\/v2\/pages\/3277\/revisions"}],"predecessor-version":[{"id":4309,"href":"https:\/\/www.listofbooks.net\/es\/wp-json\/wp\/v2\/pages\/3277\/revisions\/4309"}],"wp:attachment":[{"href":"https:\/\/www.listofbooks.net\/es\/wp-json\/wp\/v2\/media?parent=3277"}],"curies":[{"name":"wp","href":"https:\/\/api.w.org\/{rel}","templated":true}]}}